{"id":105,"date":"2012-05-02T12:14:04","date_gmt":"2012-05-02T12:14:04","guid":{"rendered":"http:\/\/mlh.frystacko.cz\/?page_id=105"},"modified":"2019-01-31T14:36:00","modified_gmt":"2019-01-31T13:36:00","slug":"chovani-na-letisti","status":"publish","type":"page","link":"https:\/\/mlz.frystacko.cz\/?page_id=105","title":{"rendered":"Chov\u00e1n\u00ed na leti\u0161ti"},"content":{"rendered":"<p>Je ur\u010dit\u011b skv\u011bl\u00e9, \u017ee n\u011bjak\u00e9 leti\u0161t\u011b m\u00e1me, ale bude dobr\u00e9 se alespo\u0148 z \u010d\u00e1sti rozumn\u011b chovat, a\u0165 si zbyte\u010dn\u011b nevad\u00edme.<\/p>\n<p>Obecn\u00e9 v\u011bci:<\/p>\n<ul>\n<li><strong>Hlavn\u011b ne\u0161kodit<\/strong>. L\u00e9t\u00e1me s potenci\u00e1ln\u011b nebezpe\u010dn\u00fdmi stroji, tak\u017ee z\u00e1sadn\u011b nenal\u00e9t\u00e1vat na lidi, vozidla a podobn\u011b. L\u00e9tat tak, aby kdy\u017e u\u017e se n\u011bco stane (jako\u017ee d\u0159\u00edv \u010di pozd\u011bj v\u017edycky) , aby to spadlo n\u011bkam, kde to tak nevad\u00ed. Sebelep\u0161\u00ed stroj m\u016f\u017ee selhat. (\u00famysln\u011b nep\u00ed\u0161u nic o gramlav\u00e9m pilotovi, nebo mi to n\u011bkdo rychle p\u0159ipomene \ud83d\ude42 )<\/li>\n<li><strong>Co si p\u0159ivezu, to taky odvezu.<\/strong> Net\u00fdk\u00e1 se jen s\u00e1\u010dk\u016f, ve kter\u00fdch si p\u0159ivezete \u0159\u00edzek, ale i r\u016fzn\u011b nepot\u0159ebn\u00e9 \u010d\u00e1sti v\u00fdbavy, jako jsou pixle od benzinu, vyho\u0159el\u00e9 akumul\u00e1tory nebo p\u016flky k\u0159\u00eddel. Vztahuje se i na p\u0159ilehl\u00e9 okol\u00ed&#8230;. havarovan\u00fd model si odneste cel\u00fd (ve smyslu v\u0161ech \u010d\u00e1st\u00ed). Vyjimkou budi\u017e snad modely zav\u011b\u0161en\u00e9 na strom&#8230;. ale i tak&#8230; <del>Speci\u00e1ln\u00ed p\u0159\u00edpad jsou kol\u00edky, kter\u00fdma je vymezena p\u0159ist\u00e1vac\u00ed plocha&#8230; m\u016f\u017eete si je p\u0159ed l\u00e9t\u00e1n\u00edm vytahat, ale pak je zase vra\u0165te. Pokud n\u011bjak\u00fd &#8222;n\u00e1hodou&#8220; tref\u00edte, opravte ho. Pavel n\u00e1m je po\u0159\u00e1d d\u011blat nebude. \ud83d\ude42<\/del> Kolky byly zru\u0161eny pro nez\u00e1jem a n\u00e1slednou \u00farazovost. \ud83d\ude42<del><br \/>\n<\/del><\/li>\n<li><strong>Sna\u017ete se domluvit.<\/strong> Pokud je n\u011bkdo ve vzduchu, zeptejte se ho, jestli mu nebudete vadit, kdy\u017e pujdete taky. Pokud se nebude tv\u00e1\u0159it p\u0159\u00edli\u0161 nad\u0161en\u011b, po\u010dkejte a\u017e p\u0159istane. V p\u0159\u00edpad\u011b, \u017ee je V\u00e1s ve vzduchu v\u00edc, hlaste sv\u00e9 \u00famysly. Jednoduch\u00e9 &#8222;M\u016f\u017eu na zem?&#8220; je dostate\u010dn\u011b v\u00fdsti\u017en\u00e9 a kdo m\u016f\u017ee V\u00e1m v dopadli\u0161ti r\u00e1d uhne, p\u0159\u00edpadn\u011b se ozve, jestli vydr\u017e\u00edte ne\u017e uklid\u00ed sv\u016fj stroj&#8230;<\/li>\n<li>Analogy &#8211; s rozumem. Kamar\u00e1di s analogov\u00fdmi r\u00e1dii (27, 35, 40MHz) by si m\u011bli p\u0159i p\u0159\u00edchodu na leti\u0161t\u011b zjistit, kdo s \u010d\u00edm l\u00e9t\u00e1, a\u0165 se vz\u00e1jemn\u011b neshazuj\u00ed. V p\u0159\u00edpad\u011b 2.4GHz u\u017e se ru\u0161en\u00ed (zat\u00edm?) neobjevuje, ale z\u00e1kladn\u00ed ohledy je dobr\u00e9 br\u00e1t.<\/li>\n<li><strong>Hluk<\/strong> &#8211; po jist\u00fdch nar\u00e1\u017ek\u00e1ch, by\u0165 jen jednotlivc\u016f, bude lep\u0161\u00ed v\u00fdrazn\u011b nehlu\u010det, zejm\u00e9na pobl\u00ed\u017e okoln\u00edch d\u011bdin. Bude dobr\u00e9, pokud to p\u016fjde, nedr\u00e1\u017edit v ned\u011blu spalov\u00e1kama. (V\u011bt\u0161in\u011b lid\u00ed to pr\u00fd nevad\u00ed, ale jak jednomu hrkne v kuli&#8230; nestoj\u00ed to za to)<br \/>\nFry\u0161t\u00e1k m\u00e1 od r.2016 vyhl\u00e1\u0161ku o ned\u011bl\u00e1n\u00ed hluku na str\u00e1nk\u00e1ch <a href=\"http:\/\/frystak.cz\/files_tiny\/formulare2016\/ozv-02-2016-o-regulaci-hlucnych-cinnosti.pdf\">vyv\u011b\u0161enou<\/a>. Pro sichr sem to ulo\u017eil kdy\u017etak <a href=\"https:\/\/mlz.frystacko.cz\/wp-uploads\/2012\/05\/ozv-02-2016-o-regulaci-hlucnych-cinnosti.pdf\">sem<\/a>. P\u00ed\u0161e se tam o ned\u011bl\u00edch i st\u00e1tn\u00edch sv\u00e1tc\u00edch. \ud83d\ude41 Lukove\u010dek m\u00e1 n\u011bco velmi podobn\u00e9ho ji\u017e n\u011bjak\u00fd \u010das.<\/li>\n<\/ul>\n<p>Kdy\u017e nev\u00edm, tak se zept\u00e1m. Nikdo V\u00e1s nekousne. Teda &#8230; alespo\u0148 mne je\u0161t\u011b nikdo nekous&#8230; \ud83d\ude42<\/p>\n<p>Hlavn\u011b &#8230; zdrav\u00fd rozum. Bez toho to nejde.<\/p>\n","protected":false},"excerpt":{"rendered":"<p>Je ur\u010dit\u011b skv\u011bl\u00e9, \u017ee n\u011bjak\u00e9 leti\u0161t\u011b m\u00e1me, ale bude dobr\u00e9 se alespo\u0148 z \u010d\u00e1sti rozumn\u011b chovat, a\u0165 si zbyte\u010dn\u011b nevad\u00edme. Obecn\u00e9 v\u011bci: Hlavn\u011b ne\u0161kodit. L\u00e9t\u00e1me s potenci\u00e1ln\u011b nebezpe\u010dn\u00fdmi stroji, tak\u017ee z\u00e1sadn\u011b nenal\u00e9t\u00e1vat na lidi, vozidla a podobn\u011b. L\u00e9tat tak, aby &hellip; <a href=\"https:\/\/mlz.frystacko.cz\/?page_id=105\">Continue reading <span class=\"meta-nav\">&rarr;<\/span><\/a><\/p>\n","protected":false},"author":1,"featured_media":0,"parent":0,"menu_order":0,"comment_status":"open","ping_status":"closed","template":"","meta":{"footnotes":""},"class_list":["post-105","page","type-page","status-publish","hentry"],"_links":{"self":[{"href":"https:\/\/mlz.frystacko.cz\/index.php?rest_route=\/wp\/v2\/pages\/105","targetHints":{"allow":["GET"]}}],"collection":[{"href":"https:\/\/mlz.frystacko.cz\/index.php?rest_route=\/wp\/v2\/pages"}],"about":[{"href":"https:\/\/mlz.frystacko.cz\/index.php?rest_route=\/wp\/v2\/types\/page"}],"author":[{"embeddable":true,"href":"https:\/\/mlz.frystacko.cz\/index.php?rest_route=\/wp\/v2\/users\/1"}],"replies":[{"embeddable":true,"href":"https:\/\/mlz.frystacko.cz\/index.php?rest_route=%2Fwp%2Fv2%2Fcomments&post=105"}],"version-history":[{"count":17,"href":"https:\/\/mlz.frystacko.cz\/index.php?rest_route=\/wp\/v2\/pages\/105\/revisions"}],"predecessor-version":[{"id":28074,"href":"https:\/\/mlz.frystacko.cz\/index.php?rest_route=\/wp\/v2\/pages\/105\/revisions\/28074"}],"wp:attachment":[{"href":"https:\/\/mlz.frystacko.cz\/index.php?rest_route=%2Fwp%2Fv2%2Fmedia&parent=105"}],"curies":[{"name":"wp","href":"https:\/\/api.w.org\/{rel}","templated":true}]}}