{"id":25056,"date":"2018-05-18T17:31:31","date_gmt":"2018-05-18T15:31:31","guid":{"rendered":"https:\/\/mlz.frystacko.cz\/?page_id=25056"},"modified":"2018-05-18T17:38:37","modified_gmt":"2018-05-18T15:38:37","slug":"privacy-policy","status":"publish","type":"page","link":"https:\/\/mlz.frystacko.cz\/?page_id=25056","title":{"rendered":"Privacy Policy"},"content":{"rendered":"<h2>Pro po\u0159\u00e1dek&#8230;<\/h2>\n<p>WordPress za\u010dal vnucovat str\u00e1nku s ohledem na GDPR :-\/ Opravdu se mi to nechce p\u0159ekl\u00e1dat. Dop\u0159edu teda hl\u00e1s\u00edm, \u017ee co tu nap\u00ed\u0161ete\/nahrajete, tu z\u016fstane. Pokud V\u00e1m to vad\u00ed se mi ozv\u011bte. Stejn\u011b tak, kdyby V\u00e1m vadila n\u011bjak\u00e1 zm\u00ednka o V\u00e1s.<\/p>\n<p>Str\u00e1nky nejsou nacpan\u00e9 reklamou, neobsahuj\u00ed ciz\u00ed &#8222;\u010dum\u00edtka&#8220;, facebooku a spol se vyh\u00fdb\u00e1m. A vnit\u0159n\u00ed data serveru vyd\u00e1vat nebudu. Cookies, pokud se nep\u0159ihl\u00e1s\u00edte nebo nenap\u00ed\u0161ete koment\u00e1\u0159 se nepou\u017eij\u00ed. Pokud se p\u0159ihl\u00e1s\u00edte nebo po\u0161lete koment\u00e1\u0159, pou\u017eij\u00ed se, no v\u00fdslovn\u011b k tomuto \u00fa\u010delu.<\/p>\n<p>Kdo mne zn\u00e1, v\u011bt\u0161inou na mne kontakt m\u00edt bude, pro ostatn\u00ed budi\u017e t\u0159eba to, \u017ee pokud v adrese str\u00e1nky nahrad\u00edte prvn\u00ed te\u010dku zavin\u00e1\u010dem, m\u00e1te mail, kter\u00fd \u010dtu.<\/p>\n<p>P\u016fvodn\u00ed WordPress\u00ed text nech\u00e1v\u00e1m v origin\u00e1le&#8230; :-\/ Si po\u010dt\u011bte, jestli chcete. V nouzi to p\u0159elo\u017e\u00edm&#8230;. ale nerad. \ud83d\ude00<\/p>\n<p>Pokud bude probl\u00e9m v\u00e1\u017en\u011bj\u0161\u00ed, ne\u017e by \u0161lo \u0159e\u0161it domluvou nebo maz\u00e1n\u00edm, server vypnu. Na pr\u00e1vn\u00edka nem\u00e1m.\u00a0 Hezk\u00fd den.<\/p>\n<p>Mti.<\/p>\n<h2>Who we are<\/h2>\n<p>Our website address is: https:\/\/mlz.frystacko.cz.<\/p>\n<h2>What personal data we collect and why we collect it<\/h2>\n<h3>Koment\u00e1\u0159e<\/h3>\n<p>When visitors leave comments on the site we collect the data shown in the comments form, and also the visitor\u2019s IP address and browser user agent string to help spam detection.<\/p>\n<p>An anonymized string created from your email address (also called a hash) may be provided to the Gravatar service to see if you are using it. The Gravatar service privacy policy is available here: https:\/\/automattic.com\/privacy\/. After approval of your comment, your profile picture is visible to the public in the context of your comment.<\/p>\n<h3>M\u00e9dia<\/h3>\n<p>If you upload images to the website, you should avoid uploading images with embedded location data (EXIF GPS) included. Visitors to the website can download and extract any location data from images on the website.<\/p>\n<h3>Contact forms<\/h3>\n<h3>Cookies<\/h3>\n<p>If you leave a comment on our site you may opt-in to saving your name, email address and website in cookies. These are for your convenience so that you do not have to fill in your details again when you leave another comment. These cookies will last for one year.<\/p>\n<p>If you have an account and you log in to this site, we will set a temporary cookie to determine if your browser accepts cookies. This cookie contains no personal data and is discarded when you close your browser.<\/p>\n<p>When you log in, we will also set up several cookies to save your login information and your screen display choices. Login cookies last for two days, and screen options cookies last for a year. If you select &#8222;Remember Me&#8220;, your login will persist for two weeks. If you log out of your account, the login cookies will be removed.<\/p>\n<p>If you edit or publish an article, an additional cookie will be saved in your browser. This cookie includes no personal data and simply indicates the post ID of the article you just edited. It expires after 1 day.<\/p>\n<h3>Embedded content from other websites<\/h3>\n<p>Articles on this site may include embedded content (e.g. videos, images, articles, etc.). Embedded content from other websites behaves in the exact same way as if the visitor has visited the other website.<\/p>\n<p>These websites may collect data about you, use cookies, embed additional third-party tracking, and monitor your interaction with that embedded content, including tracing your interaction with the embedded content if you have an account and are logged in to that website.<\/p>\n<h3>Analytics<\/h3>\n<h2>Who we share your data with<\/h2>\n<h2>How long we retain your data<\/h2>\n<p>If you leave a comment, the comment and its metadata are retained indefinitely. This is so we can recognize and approve any follow-up comments automatically instead of holding them in a moderation queue.<\/p>\n<p>For users that register on our website (if any), we also store the personal information they provide in their user profile. All users can see, edit, or delete their personal information at any time (except they cannot change their username). Website administrators can also see and edit that information.<\/p>\n<h2>What rights you have over your data<\/h2>\n<p>If you have an account on this site, or have left comments, you can request to receive an exported file of the personal data we hold about you, including any data you have provided to us. You can also request that we erase any personal data we hold about you. This does not include any data we are obliged to keep for administrative, legal, or security purposes.<\/p>\n<h2>Where we send your data<\/h2>\n<p>Visitor comments may be checked through an automated spam detection service.<\/p>\n<h2>Your contact information<\/h2>\n<h2>Additional information<\/h2>\n<h3>How we protect your data<\/h3>\n<h3>What data breach procedures we have in place<\/h3>\n<h3>What third parties we receive data from<\/h3>\n<h3>What automated decision making and\/or profiling we do with user data<\/h3>\n<h3>Industry regulatory disclosure requirements<\/h3>\n","protected":false},"excerpt":{"rendered":"<p>Pro po\u0159\u00e1dek&#8230; WordPress za\u010dal vnucovat str\u00e1nku s ohledem na GDPR :-\/ Opravdu se mi to nechce p\u0159ekl\u00e1dat. Dop\u0159edu teda hl\u00e1s\u00edm, \u017ee co tu nap\u00ed\u0161ete\/nahrajete, tu z\u016fstane. Pokud V\u00e1m to vad\u00ed se mi ozv\u011bte. Stejn\u011b tak, kdyby V\u00e1m vadila n\u011bjak\u00e1 zm\u00ednka &hellip; <a href=\"https:\/\/mlz.frystacko.cz\/?page_id=25056\">Continue reading <span class=\"meta-nav\">&rarr;<\/span><\/a><\/p>\n","protected":false},"author":1,"featured_media":0,"parent":0,"menu_order":0,"comment_status":"closed","ping_status":"closed","template":"","meta":{"footnotes":""},"class_list":["post-25056","page","type-page","status-publish","hentry"],"_links":{"self":[{"href":"https:\/\/mlz.frystacko.cz\/index.php?rest_route=\/wp\/v2\/pages\/25056","targetHints":{"allow":["GET"]}}],"collection":[{"href":"https:\/\/mlz.frystacko.cz\/index.php?rest_route=\/wp\/v2\/pages"}],"about":[{"href":"https:\/\/mlz.frystacko.cz\/index.php?rest_route=\/wp\/v2\/types\/page"}],"author":[{"embeddable":true,"href":"https:\/\/mlz.frystacko.cz\/index.php?rest_route=\/wp\/v2\/users\/1"}],"replies":[{"embeddable":true,"href":"https:\/\/mlz.frystacko.cz\/index.php?rest_route=%2Fwp%2Fv2%2Fcomments&post=25056"}],"version-history":[{"count":4,"href":"https:\/\/mlz.frystacko.cz\/index.php?rest_route=\/wp\/v2\/pages\/25056\/revisions"}],"predecessor-version":[{"id":25060,"href":"https:\/\/mlz.frystacko.cz\/index.php?rest_route=\/wp\/v2\/pages\/25056\/revisions\/25060"}],"wp:attachment":[{"href":"https:\/\/mlz.frystacko.cz\/index.php?rest_route=%2Fwp%2Fv2%2Fmedia&parent=25056"}],"curies":[{"name":"wp","href":"https:\/\/api.w.org\/{rel}","templated":true}]}}