{"id":325,"date":"2012-06-08T02:42:18","date_gmt":"2012-06-08T00:42:18","guid":{"rendered":"http:\/\/mlh.frystacko.cz\/?page_id=325"},"modified":"2026-04-16T17:31:41","modified_gmt":"2026-04-16T15:31:41","slug":"piloti","status":"publish","type":"page","link":"https:\/\/mlz.frystacko.cz\/?page_id=325","title":{"rendered":"Piloti"},"content":{"rendered":"<div class=\"table-responsive\"><table  style=\"width:100%; \"  class=\"easy-table easy-table-default tablesorter {sortlist: [[0,0], ]} \" >\n<thead>\r\n<tr><th class=' ' >Pilot<\/th>\n<th class=' ' >2026<\/th>\n<th class=' ' >2025<\/th>\n<th class=' ' >2024<\/th>\n<th class=' ' >2023<\/th>\n<th class=' ' >2022<\/th>\n<th class=' ' >2021<\/th>\n<th class=' ' >star\u0161\u00ed<\/th>\n<\/tr>\n<\/thead>\n<tbody>\r\n<tr><td ><a href=\"https:\/\/mlz.frystacko.cz\/?p=336\">Martin Tich\u00e1\u010dek<\/a><\/td>\n<td >*<\/td>\n<td >*<\/td>\n<td >*<\/td>\n<td >*<\/td>\n<td >*<\/td>\n<td >*<\/td>\n<td > **** * * ***<\/td>\n<\/tr>\n\r\n<tr><td ><a href=\"https:\/\/mlz.frystacko.cz\/?p=360\">Radek Gregor<\/a><\/td>\n<td ><\/td>\n<td ><\/td>\n<td ><\/td>\n<td ><\/td>\n<td >*<\/td>\n<td ><span style=\"color: #ff0000;\">*<\/span><\/td>\n<td > <span style=\"color: #ff0000;\">*<\/span><span style=\"color: #ff0000;\">*<\/span><span style=\"color: #ff0000;\">*<\/span>* * * ***<\/td>\n<\/tr>\n\r\n<tr><td ><a href=\"https:\/\/mlz.frystacko.cz\/?p=976\">Jirka Pavl\u00edk<\/a> <\/td>\n<td ><\/td>\n<td ><\/td>\n<td ><\/td>\n<td >*<\/td>\n<td >*<\/td>\n<td >*<\/td>\n<td > **** * * ***<\/td>\n<\/tr>\n\r\n<tr><td ><a href=\"https:\/\/mlz.frystacko.cz\/?p=1265\">Milan Mat\u011bjka<\/a> <\/td>\n<td ><\/td>\n<td ><\/td>\n<td ><\/td>\n<td ><\/td>\n<td >*<\/td>\n<td ><\/td>\n<td > **** * * ***<\/td>\n<\/tr>\n\r\n<tr><td >Petr Hol\u00edk <\/td>\n<td ><\/td>\n<td ><\/td>\n<td >*<\/td>\n<td >*<\/td>\n<td >*<\/td>\n<td >*<\/td>\n<td > **** * * ***<\/td>\n<\/tr>\n\r\n<tr><td ><a>Pavel \u0160af\u00e1\u0159<\/a> <\/td>\n<td ><\/td>\n<td ><\/td>\n<td >*<\/td>\n<td >*<\/td>\n<td >*<\/td>\n<td >*<\/td>\n<td > **** * * ***<\/td>\n<\/tr>\n\r\n<tr><td >Libor Bezd\u011bk <\/td>\n<td ><\/td>\n<td ><\/td>\n<td ><\/td>\n<td >*<\/td>\n<td >*<\/td>\n<td >*<\/td>\n<td > *** * * **<\/td>\n<\/tr>\n\r\n<tr><td ><a>Jan Hladi\u0161<\/a> <\/td>\n<td ><\/td>\n<td ><\/td>\n<td ><\/td>\n<td >*<\/td>\n<td >*<\/td>\n<td >*<\/td>\n<td > **** * * ***<\/td>\n<\/tr>\n\r\n<tr><td >Jakub Hr\u00e1dek <\/td>\n<td ><\/td>\n<td ><\/td>\n<td >*<\/td>\n<td ><\/td>\n<td ><\/td>\n<td ><\/td>\n<td > 2\/3** * * ***<\/td>\n<\/tr>\n\r\n<tr><td >Ji\u0159\u00ed Hrube\u0161 <\/td>\n<td ><\/td>\n<td >*<\/td>\n<td >*<\/td>\n<td >*<\/td>\n<td >*<\/td>\n<td >*<\/td>\n<td > **** * * ***<\/td>\n<\/tr>\n\r\n<tr><td >Ale\u0161 Navr\u00e1til <\/td>\n<td ><\/td>\n<td ><\/td>\n<td ><\/td>\n<td >*<\/td>\n<td >*<\/td>\n<td >*<\/td>\n<td > **** * * **<\/td>\n<\/tr>\n\r\n<tr><td >R. \u0160ev\u010d\u00edk <\/td>\n<td ><\/td>\n<td ><\/td>\n<td ><\/td>\n<td ><\/td>\n<td >*<\/td>\n<td >*<\/td>\n<td > *** * *<\/td>\n<\/tr>\n\r\n<tr><td >Jan Pel\u00e1nek <\/td>\n<td ><\/td>\n<td ><\/td>\n<td >*<\/td>\n<td >1\/2<\/td>\n<td >*<\/td>\n<td >*<\/td>\n<td > **** * * *<\/td>\n<\/tr>\n\r\n<tr><td >Milan Hor\u0148\u00e1k<\/td>\n<td >*<\/td>\n<td ><\/td>\n<td ><\/td>\n<td ><\/td>\n<td >*<\/td>\n<td ><\/td>\n<td > * * * *<\/td>\n<\/tr>\n\r\n<tr><td >Jaroslav N\u00e1voj<\/td>\n<td ><\/td>\n<td ><\/td>\n<td ><\/td>\n<td ><\/td>\n<td >*<\/td>\n<td ><\/td>\n<td > ***<\/td>\n<\/tr>\n\r\n<tr><td >Miroslav Bat\u00edk<\/td>\n<td ><\/td>\n<td ><\/td>\n<td ><\/td>\n<td ><\/td>\n<td >*<\/td>\n<td >*<\/td>\n<td > ****<\/td>\n<\/tr>\n\r\n<tr><td >Michal Kel\u00ed\u0161ek<\/td>\n<td >*<\/td>\n<td >*<\/td>\n<td >*<\/td>\n<td >*<\/td>\n<td >*<\/td>\n<td >*<\/td>\n<td > ****<\/td>\n<\/tr>\n\r\n<tr><td >Foral Bohumil<\/td>\n<td ><\/td>\n<td ><\/td>\n<td ><\/td>\n<td >*<\/td>\n<td >*<\/td>\n<td >*<\/td>\n<td > **<\/td>\n<\/tr>\n\r\n<tr><td >Ji\u0159\u00ed Gergel<\/td>\n<td ><\/td>\n<td >*<\/td>\n<td >*<\/td>\n<td >*<\/td>\n<td >*<\/td>\n<td >*<\/td>\n<td > *1\/2*<\/td>\n<\/tr>\n\r\n<tr><td >Lud\u011bk Ohnoutek<\/td>\n<td ><\/td>\n<td >*<\/td>\n<td ><\/td>\n<td >*<\/td>\n<td >*<\/td>\n<td >*<\/td>\n<td > *<\/td>\n<\/tr>\n\r\n<tr><td >Petr Ma\u0148\u00e1sek<\/td>\n<td ><\/td>\n<td ><\/td>\n<td >*<\/td>\n<td >*<\/td>\n<td >*<\/td>\n<td >*<\/td>\n<td > 1\/2*<\/td>\n<\/tr>\n\r\n<tr><td >Tom\u00e1\u0161 Pavel\u00e1k<\/td>\n<td ><\/td>\n<td >*<\/td>\n<td >*<\/td>\n<td >*<\/td>\n<td >*<\/td>\n<td >*<\/td>\n<td ><\/td>\n<\/tr>\n\r\n<tr><td >Ond\u0159ej Krumpolc<\/td>\n<td ><\/td>\n<td ><\/td>\n<td ><\/td>\n<td >*<\/td>\n<td ><\/td>\n<td >*<\/td>\n<td ><\/td>\n<\/tr>\n\r\n<tr><td >Vladim\u00edr Mi\u0161ek<\/td>\n<td >*<\/td>\n<td >*<\/td>\n<td >*<\/td>\n<td >*<\/td>\n<td ><\/td>\n<td ><\/td>\n<td ><\/td>\n<\/tr>\n\r\n<tr><td >Josef Kolomazn\u00edk<\/td>\n<td >*<\/td>\n<td >*<\/td>\n<td >*<\/td>\n<td >*<\/td>\n<td >*<\/td>\n<td ><\/td>\n<td ><\/td>\n<\/tr>\n\r\n<tr><td >Jarom\u00edr Sva\u010dina <\/td>\n<td >*<\/td>\n<td >*<\/td>\n<td >*<\/td>\n<td >1\/2*<\/td>\n<td ><\/td>\n<td ><\/td>\n<td ><\/td>\n<\/tr>\n\r\n<tr><td >Marek Pe\u0165ovsk\u00fd<\/td>\n<td ><\/td>\n<td >*<\/td>\n<td ><\/td>\n<\/tr>\n\r\n<tr><td >Du\u0161an Slav\u011bt\u00ednsk\u00fd<\/td>\n<td ><\/td>\n<td >*<\/td>\n<td ><\/td>\n<\/tr>\n\r\n<tr><td >Miroslav P\u00e1len\u00edk<\/td>\n<td ><\/td>\n<td >*<\/td>\n<td ><\/td>\n<\/tr>\n\r\n<tr><td >Petr Cig\u00e1nek<\/td>\n<td >*<\/td>\n<td >*<\/td>\n<td ><\/td>\n<\/tr>\n\r\n<tr><td >Jarom\u00edr Dole\u017eel<\/td>\n<td ><\/td>\n<td >*<\/td>\n<td ><\/td>\n<\/tr>\n<\/tbody><\/table><\/div>\n<p>Pokud chcete poslat p\u0159\u00edsp\u011bvek na provoz leti\u0161t\u011b&#8230; 162508042\/0300&#8230; a do pozn\u00e1mky od koho.<\/p>\n<p>2024 jsem umazal par starsich roku, verze pred zkracenim <a href=\"https:\/\/mlz.frystacko.cz\/?page_id=42627\">zde<\/a>.<br \/>\n2022 jsem umazal par starsich roku&#8230; verze p\u0159ed zkr\u00e1cen\u00edm <a href=\"https:\/\/mlz.frystacko.cz\/?page_id=38144\" target=\"_blank\" rel=\"noopener\">zde<\/a>.<\/p>\n<p>Seznam byl zkr\u00e1cen 2018.12.15. Pokud hled\u00e1te star\u0161\u00ed verzi, je <a href=\"https:\/\/mlz.frystacko.cz\/?p=27798\" target=\"_blank\" rel=\"noopener noreferrer\">zde<\/a>. Nen\u00ed snaha se n\u011bkoho &#8222;zbavit&#8220;,\u00a0 jen zajistit udr\u017eovatelnost souboru. \ud83d\ude42<\/p>\n","protected":false},"excerpt":{"rendered":"<p>Pokud chcete poslat p\u0159\u00edsp\u011bvek na provoz leti\u0161t\u011b&#8230; 162508042\/0300&#8230; a do pozn\u00e1mky od koho. 2024 jsem umazal par starsich roku, verze pred zkracenim zde. 2022 jsem umazal par starsich roku&#8230; verze p\u0159ed zkr\u00e1cen\u00edm zde. Seznam byl zkr\u00e1cen 2018.12.15. Pokud hled\u00e1te star\u0161\u00ed &hellip; <a href=\"https:\/\/mlz.frystacko.cz\/?page_id=325\">Continue reading <span class=\"meta-nav\">&rarr;<\/span><\/a><\/p>\n","protected":false},"author":2,"featured_media":0,"parent":0,"menu_order":0,"comment_status":"open","ping_status":"closed","template":"","meta":{"footnotes":""},"class_list":["post-325","page","type-page","status-publish","hentry"],"_links":{"self":[{"href":"https:\/\/mlz.frystacko.cz\/index.php?rest_route=\/wp\/v2\/pages\/325","targetHints":{"allow":["GET"]}}],"collection":[{"href":"https:\/\/mlz.frystacko.cz\/index.php?rest_route=\/wp\/v2\/pages"}],"about":[{"href":"https:\/\/mlz.frystacko.cz\/index.php?rest_route=\/wp\/v2\/types\/page"}],"author":[{"embeddable":true,"href":"https:\/\/mlz.frystacko.cz\/index.php?rest_route=\/wp\/v2\/users\/2"}],"replies":[{"embeddable":true,"href":"https:\/\/mlz.frystacko.cz\/index.php?rest_route=%2Fwp%2Fv2%2Fcomments&post=325"}],"version-history":[{"count":317,"href":"https:\/\/mlz.frystacko.cz\/index.php?rest_route=\/wp\/v2\/pages\/325\/revisions"}],"predecessor-version":[{"id":45111,"href":"https:\/\/mlz.frystacko.cz\/index.php?rest_route=\/wp\/v2\/pages\/325\/revisions\/45111"}],"wp:attachment":[{"href":"https:\/\/mlz.frystacko.cz\/index.php?rest_route=%2Fwp%2Fv2%2Fmedia&parent=325"}],"curies":[{"name":"wp","href":"https:\/\/api.w.org\/{rel}","templated":true}]}}