{"id":38144,"date":"2022-03-04T22:05:02","date_gmt":"2022-03-04T21:05:02","guid":{"rendered":"https:\/\/mlz.frystacko.cz\/?page_id=38144"},"modified":"2024-08-19T06:52:03","modified_gmt":"2024-08-19T04:52:03","slug":"piloti-pred-2022","status":"publish","type":"page","link":"https:\/\/mlz.frystacko.cz\/?page_id=38144","title":{"rendered":"piloti-pred 2022"},"content":{"rendered":"<p>Toto je kopie stavu na zacatku r.2022<br \/>\n<div class=\"table-responsive\"><table  style=\"width:100%; \"  class=\"easy-table easy-table-default tablesorter {sortlist: [[0,0], ]} \" >\n<thead>\r\n<tr><th class=' ' >Pilot<\/th>\n<th class=' ' >2021<\/th>\n<th class=' ' >2020<\/th>\n<th class=' ' >2019<\/th>\n<th class=' ' >2018<\/th>\n<th class=' ' >2017<\/th>\n<th class=' ' >2016<\/th>\n<th class=' ' >2015<\/th>\n<th class=' ' >star\u0161\u00ed<\/th>\n<\/tr>\n<\/thead>\n<tbody>\r\n<tr><td ><a href=\"https:\/\/mlz.frystacko.cz\/?p=336\">Martin Tich\u00e1\u010dek<\/a> <\/td>\n<td >*<\/td>\n<td >*<\/td>\n<td >*<\/td>\n<td >*<\/td>\n<td >*<\/td>\n<td >*<\/td>\n<td >*<\/td>\n<td >***<\/td>\n<\/tr>\n\r\n<tr><td ><a href=\"https:\/\/mlz.frystacko.cz\/?p=360\">Radek Gregor<\/a> <\/td>\n<td ><\/td>\n<td ><\/td>\n<td ><span style=\"color: #ff0000;\">*<\/span><\/td>\n<td ><span style=\"color: #ff0000;\">*<\/span><\/td>\n<td >*<\/td>\n<td >*<\/td>\n<td >*<\/td>\n<td >***<\/td>\n<\/tr>\n\r\n<tr><td ><a href=\"https:\/\/mlz.frystacko.cz\/?p=366\">Leo\u0161 Pavl\u00edk<\/a> <\/td>\n<td ><\/td>\n<td ><\/td>\n<td ><\/td>\n<td ><span style=\"color: #ff0000;\">*<\/span><\/td>\n<td ><\/td>\n<td ><\/td>\n<td ><\/td>\n<td ><\/td>\n<\/tr>\n\r\n<tr><td ><a href=\"https:\/\/mlz.frystacko.cz\/?p=439\">Eduard Ba\u0159inka<\/a> <\/td>\n<td ><\/td>\n<td >*<\/td>\n<td >*<\/td>\n<td >*<\/td>\n<td >*<\/td>\n<td >*<\/td>\n<td >*<\/td>\n<td >***<\/td>\n<\/tr>\n\r\n<tr><td ><a href=\"https:\/\/mlz.frystacko.cz\/?p=976\">Jirka Pavl\u00edk<\/a> <\/td>\n<td >*<\/td>\n<td >*<\/td>\n<td >*<\/td>\n<td >*<\/td>\n<td >*<\/td>\n<td >*<\/td>\n<td >*<\/td>\n<td >***<\/td>\n<\/tr>\n\r\n<tr><td ><a href=\"https:\/\/mlz.frystacko.cz\/?p=1265\">Milan Mat\u011bjka<\/a> <\/td>\n<td ><\/td>\n<td >*<\/td>\n<td >*<\/td>\n<td >*<\/td>\n<td >*<\/td>\n<td >*<\/td>\n<td >*<\/td>\n<td >***<\/td>\n<\/tr>\n\r\n<tr><td >Petr Hol\u00edk <\/td>\n<td >*<\/td>\n<td >*<\/td>\n<td >*<\/td>\n<td >*<\/td>\n<td >*<\/td>\n<td >*<\/td>\n<td >*<\/td>\n<td >***<\/td>\n<\/tr>\n\r\n<tr><td ><a href=\"https:\/\/mlz.frystacko.cz\/?p=2383\">Pavel \u0160af\u00e1\u0159<\/a> <\/td>\n<td >*<\/td>\n<td >*<\/td>\n<td >*<\/td>\n<td >*<\/td>\n<td >*<\/td>\n<td >*<\/td>\n<td >*<\/td>\n<td >***<\/td>\n<\/tr>\n\r\n<tr><td >Standa Veleba <\/td>\n<td ><\/td>\n<td ><\/td>\n<td ><\/td>\n<td ><\/td>\n<td >*<\/td>\n<td ><\/td>\n<td >*<\/td>\n<td >***<\/td>\n<\/tr>\n\r\n<tr><td ><a href=\"https:\/\/mlz.frystacko.cz\/?p=1530\">David Veleba<\/a> <\/td>\n<td ><\/td>\n<td ><\/td>\n<td ><\/td>\n<td ><\/td>\n<td ><\/td>\n<td ><\/td>\n<td >*<\/td>\n<td >***<\/td>\n<\/tr>\n\r\n<tr><td >Libor Bezd\u011bk <\/td>\n<td >*<\/td>\n<td >*<\/td>\n<td >*<\/td>\n<td ><\/td>\n<td >*<\/td>\n<td >*<\/td>\n<td >*<\/td>\n<td >**<\/td>\n<\/tr>\n\r\n<tr><td ><a href=\"https:\/\/mlz.frystacko.cz\/?p=4482\">Jan Hladi\u0161<\/a> <\/td>\n<td >*<\/td>\n<td >*<\/td>\n<td >*<\/td>\n<td >*<\/td>\n<td >*<\/td>\n<td >*<\/td>\n<td >*<\/td>\n<td >***<\/td>\n<\/tr>\n\r\n<tr><td ><a href=\"https:\/\/mlz.frystacko.cz\/?p=2247\">Dalibor Kube\u0161<\/a> <\/td>\n<td ><\/td>\n<td >*<\/td>\n<td >*<\/td>\n<td >*<\/td>\n<td ><\/td>\n<td >*<\/td>\n<td >*<\/td>\n<td >***<\/td>\n<\/tr>\n\r\n<tr><td >Lubo\u0161 \u0160\u00e1\u0161ek <\/td>\n<td ><\/td>\n<td ><\/td>\n<td ><\/td>\n<td >*<\/td>\n<td >*<\/td>\n<td ><\/td>\n<td ><\/td>\n<td >**<\/td>\n<\/tr>\n\r\n<tr><td >Tom\u00e1\u0161 Tich\u00e1\u010dek <\/td>\n<td ><\/td>\n<td ><\/td>\n<td ><\/td>\n<td ><\/td>\n<td ><\/td>\n<td >*<\/td>\n<td >*<\/td>\n<td >***<\/td>\n<\/tr>\n\r\n<tr><td >Zbyn\u011bk Hr\u00e1dek ml. <\/td>\n<td ><\/td>\n<td ><\/td>\n<td ><\/td>\n<td ><\/td>\n<td ><\/td>\n<td >*<\/td>\n<td >*<\/td>\n<td >**<\/td>\n<\/tr>\n\r\n<tr><td >Zbyn\u011bk Hr\u00e1dek st. <\/td>\n<td ><\/td>\n<td ><\/td>\n<td ><\/td>\n<td ><\/td>\n<td >*<\/td>\n<td >*<\/td>\n<td >*<\/td>\n<td >***<\/td>\n<\/tr>\n\r\n<tr><td >Jakub Hr\u00e1dek <\/td>\n<td ><\/td>\n<td >2\/3*<\/td>\n<td ><\/td>\n<td ><\/td>\n<td >*<\/td>\n<td >*<\/td>\n<td >*<\/td>\n<td >***<\/td>\n<\/tr>\n\r\n<tr><td >Radim Pt\u00e1\u010dek <\/td>\n<td ><\/td>\n<td >*<\/td>\n<td >*<\/td>\n<td >*<\/td>\n<td >*<\/td>\n<td >*<\/td>\n<td >*<\/td>\n<td >***<\/td>\n<\/tr>\n\r\n<tr><td >Ji\u0159\u00ed Hrube\u0161 <\/td>\n<td >*<\/td>\n<td >*<\/td>\n<td >*<\/td>\n<td >*<\/td>\n<td >*<\/td>\n<td >*<\/td>\n<td >*<\/td>\n<td >***<\/td>\n<\/tr>\n\r\n<tr><td >Ale\u0161 Navr\u00e1til <\/td>\n<td >*<\/td>\n<td >*<\/td>\n<td >*<\/td>\n<td >*<\/td>\n<td >*<\/td>\n<td >*<\/td>\n<td >*<\/td>\n<td >**<\/td>\n<\/tr>\n\r\n<tr><td >R. \u0160ev\u010d\u00edk <\/td>\n<td >*<\/td>\n<td >*<\/td>\n<td >*<\/td>\n<td ><\/td>\n<td >*<\/td>\n<td >*<\/td>\n<td >*<\/td>\n<\/tr>\n\r\n<tr><td >Jan Pel\u00e1nek <\/td>\n<td >*<\/td>\n<td >*<\/td>\n<td >*<\/td>\n<td >*<\/td>\n<td >*<\/td>\n<td >*<\/td>\n<td >*<\/td>\n<td >*<\/td>\n<\/tr>\n\r\n<tr><td >Milan Hor\u0148\u00e1k<\/td>\n<td ><\/td>\n<td ><\/td>\n<td ><\/td>\n<td ><\/td>\n<td >*<\/td>\n<td >*<\/td>\n<td >*<\/td>\n<td >*<\/td>\n<\/tr>\n\r\n<tr><td >Marek Branda <\/td>\n<td ><\/td>\n<td ><\/td>\n<td ><\/td>\n<td ><\/td>\n<td >*<\/td>\n<td ><\/td>\n<td ><\/td>\n<td ><\/td>\n<\/tr>\n\r\n<tr><td >Adam Hrb\u00e1\u010dek<\/td>\n<td ><\/td>\n<td ><\/td>\n<td ><\/td>\n<td ><\/td>\n<td >*<\/td>\n<td ><\/td>\n<td ><\/td>\n<td ><\/td>\n<\/tr>\n\r\n<tr><td >Jaroslav N\u00e1voj<\/td>\n<td ><\/td>\n<td ><\/td>\n<td ><span style=\"color: #ff0000;\">*<\/span><\/td>\n<td >*<\/td>\n<td >*<\/td>\n<td ><\/td>\n<td ><\/td>\n<td ><\/td>\n<\/tr>\n\r\n<tr><td >Miroslav Bat\u00edk<\/td>\n<td >*<\/td>\n<td >*<\/td>\n<td >*<\/td>\n<td >*<\/td>\n<td >*<\/td>\n<td ><\/td>\n<td ><\/td>\n<td ><\/td>\n<\/tr>\n\r\n<tr><td >Michal Kel\u00ed\u0161ek<\/td>\n<td >*<\/td>\n<td >*<\/td>\n<td >*<\/td>\n<td >*<\/td>\n<td >*<\/td>\n<td ><\/td>\n<td ><\/td>\n<td ><\/td>\n<\/tr>\n\r\n<tr><td >Foral Bohumil<\/td>\n<td >*<\/td>\n<td >*<\/td>\n<td ><\/td>\n<td >*<\/td>\n<td ><\/td>\n<td ><\/td>\n<td ><\/td>\n<td ><\/td>\n<\/tr>\n\r\n<tr><td >Jirka Jaro\u0161<\/td>\n<td ><\/td>\n<td ><\/td>\n<td >*<\/td>\n<td >*<\/td>\n<td ><\/td>\n<td ><\/td>\n<td ><\/td>\n<td ><\/td>\n<\/tr>\n\r\n<tr><td >Daniel Dvo\u0159\u00e1k<\/td>\n<td ><\/td>\n<td >*<\/td>\n<td >*<\/td>\n<td ><\/td>\n<td ><\/td>\n<td ><\/td>\n<td ><\/td>\n<td ><\/td>\n<\/tr>\n\r\n<tr><td >La\u010fa Ochotn\u00fd<\/td>\n<td >*<\/td>\n<td >*<\/td>\n<td >1\/2*<\/td>\n<td ><\/td>\n<td ><\/td>\n<td ><\/td>\n<td ><\/td>\n<td ><\/td>\n<\/tr>\n\r\n<tr><td >Ji\u0159\u00ed Rusek<\/td>\n<td ><\/td>\n<td >*<\/td>\n<td ><\/td>\n<td ><\/td>\n<td ><\/td>\n<td ><\/td>\n<td ><\/td>\n<td >*<\/td>\n<\/tr>\n\r\n<tr><td >Ji\u0159\u00ed Gergel<\/td>\n<td >*<\/td>\n<td >*<\/td>\n<td >1\/2*<\/td>\n<td ><\/td>\n<td ><\/td>\n<td ><\/td>\n<td ><\/td>\n<td ><\/td>\n<\/tr>\n\r\n<tr><td >Mira Fabian<\/td>\n<td ><\/td>\n<td >*<\/td>\n<td ><\/td>\n<\/tr>\n\r\n<tr><td >Lud\u011bk Ohnoutek<\/td>\n<td >*<\/td>\n<td >*<\/td>\n<td ><\/td>\n<\/tr>\n\r\n<tr><td >Petr Ma\u0148\u00e1sek<\/td>\n<td >*<\/td>\n<td >1\/2*<\/td>\n<td ><\/td>\n<\/tr>\n\r\n<tr><td >Petr Hrn\u010di\u0159\u00edk<\/td>\n<td >*<\/td>\n<td ><\/td>\n<\/tr>\n\r\n<tr><td >Tom\u00e1\u0161 Pavel\u00e1k<\/td>\n<td >*<\/td>\n<td ><\/td>\n<\/tr>\n\r\n<tr><td >Ond\u0159ej Krumpolc<\/td>\n<td >*<\/td>\n<td ><\/td>\n<\/tr>\n<\/tbody><\/table><\/div><\/p>\n<p>Seznam byl zkr\u00e1cen 2018.12.15. Pokud hled\u00e1te star\u0161\u00ed verzi, je <a href=\"https:\/\/mlz.frystacko.cz\/?p=27798\" target=\"_blank\" rel=\"noopener noreferrer\">zde<\/a>. Nen\u00ed snaha se n\u011bkoho &#8222;zbavit&#8220;, jen zajistit udr\u017eovatelnost souboru. \ud83d\ude42<\/p>\n","protected":false},"excerpt":{"rendered":"<p>Toto je kopie stavu na zacatku r.2022 Seznam byl zkr\u00e1cen 2018.12.15. Pokud hled\u00e1te star\u0161\u00ed verzi, je zde. Nen\u00ed snaha se n\u011bkoho &#8222;zbavit&#8220;, jen zajistit udr\u017eovatelnost souboru. \ud83d\ude42<\/p>\n","protected":false},"author":3,"featured_media":0,"parent":0,"menu_order":0,"comment_status":"closed","ping_status":"closed","template":"","meta":{"footnotes":""},"class_list":["post-38144","page","type-page","status-publish","hentry"],"_links":{"self":[{"href":"https:\/\/mlz.frystacko.cz\/index.php?rest_route=\/wp\/v2\/pages\/38144","targetHints":{"allow":["GET"]}}],"collection":[{"href":"https:\/\/mlz.frystacko.cz\/index.php?rest_route=\/wp\/v2\/pages"}],"about":[{"href":"https:\/\/mlz.frystacko.cz\/index.php?rest_route=\/wp\/v2\/types\/page"}],"author":[{"embeddable":true,"href":"https:\/\/mlz.frystacko.cz\/index.php?rest_route=\/wp\/v2\/users\/3"}],"replies":[{"embeddable":true,"href":"https:\/\/mlz.frystacko.cz\/index.php?rest_route=%2Fwp%2Fv2%2Fcomments&post=38144"}],"version-history":[{"count":2,"href":"https:\/\/mlz.frystacko.cz\/index.php?rest_route=\/wp\/v2\/pages\/38144\/revisions"}],"predecessor-version":[{"id":43342,"href":"https:\/\/mlz.frystacko.cz\/index.php?rest_route=\/wp\/v2\/pages\/38144\/revisions\/43342"}],"wp:attachment":[{"href":"https:\/\/mlz.frystacko.cz\/index.php?rest_route=%2Fwp%2Fv2%2Fmedia&parent=38144"}],"curies":[{"name":"wp","href":"https:\/\/api.w.org\/{rel}","templated":true}]}}