{"id":596,"date":"2012-05-17T11:52:08","date_gmt":"2012-05-17T09:52:08","guid":{"rendered":"https:\/\/mlz.frystacko.cz\/?page_id=596"},"modified":"2017-12-23T17:48:48","modified_gmt":"2017-12-23T16:48:48","slug":"pocasi","status":"publish","type":"page","link":"https:\/\/mlz.frystacko.cz\/?page_id=596","title":{"rendered":"Po\u010das\u00ed"},"content":{"rendered":"<p>Proto\u017ee (zat\u00edm) nejsme mezin\u00e1rodn\u00ed leti\u0161t\u011b s nep\u0159etr\u017eit\u00fdm provozem, nem\u00e1me vlastn\u00ed p\u0159ehledov\u00fd radar, bli\u017enou a bohu\u017eel ani meteostanici. Finan\u010dn\u00ed mo\u017enosti n\u00e1m zat\u00edm umo\u017enily instalaci a \u00fadr\u017ebu (bo ob\u010das ho negdo tref\u00ed) <a href=\"https:\/\/mlz.frystacko.cz\/wp-uploads\/2012\/05\/IMG_6417g-1024x768.jpg\" target=\"_blank\" rel=\"noopener\">anemometru<\/a>, zat\u00edm v\u0161ak jen analogov\u00e9ho a bez d\u00e1lkov\u00e9ho p\u0159enosu informace&#8230;. nicm\u00e9n\u011b funguje.<\/p>\n<p>P\u0159i\u017eivujeme se tedy jak to jde. Z\u00e1kladn\u00ed postup je p\u0159ed odjezdem na leti\u0161t\u011b nahl\u00e9dnout z okna a kdy\u017e plavou na cest\u011b ka\u010deny, sund\u00e1v\u00e1me z podvozk\u016f boti\u010dky a nasazujeme gum\u00e1ky.<\/p>\n<p>Pro p\u0159edpov\u011bdi se d\u00e1 j\u00edt &#8222;t\u0159eba&#8220; na <a title=\"CHMI\" href=\"http:\/\/www.chmi.cz\" target=\"_blank\" rel=\"noopener\">CHMI<\/a>. Pokud nep\u0159ed\u011blaj\u00ed web, <a title=\"CHMI - p\u0159edpov\u011bdi pro Zl.kraj\" href=\"http:\/\/www.chmi.cz\/portal\/dt?portal_lang=cs&amp;menu=JSPTabContainer\/P9_0_Predpovedi\/P9_1_Pocasi\/P9_1_1_Cesko\/P9_1_1_2_Kraje\/P9_1_1_2_14_Zlinsky&amp;last=false\" target=\"_blank\" rel=\"noopener\">p\u0159edpov\u011bdi<\/a> pro Zl. kraj jsou tady. <a title=\"CHMI - kamera\" href=\"http:\/\/www.chmi.cz\/files\/portal\/docs\/meteo\/kam\/prohlizec.html?cam=holesov\" target=\"_blank\" rel=\"noopener\">Tady<\/a> maj\u00ed kameru, kter\u00e1 \u010du\u010d\u00ed v Hole\u0161ov\u011b. P\u00ed\u0161e i aktu\u00e1ln\u00ed s\u00edlu a sm\u011br v\u011btru, tak\u017ee celkem jedl\u00e9. Jen od severu m\u00e1me hory, tak\u017ee n\u00e1m v\u011bt\u0161inou fouk\u00e1 tro\u0161ku m\u00e9n\u011b ne\u017e uk\u00e1\u017ee kamera. Meteogramy <a href=\"http:\/\/www.chmi.cz\/files\/portal\/docs\/meteo\/ov\/aladin\/results\/public\/meteogramy\/meteogram_page_portal\/m.html\" target=\"_blank\" rel=\"noopener\">tamt\u00e9\u017e<\/a> jsou celkem funk\u010dn\u00ed. (v seznamu je i Fry\u0161t\u00e1k)<\/p>\n<p>Leti\u0161t\u011b je od Hole\u0161ova co by baterkou dohodil, tak\u017ee kdy\u017e v\u011btr v Hole\u0161ov\u011b trh\u00e1 topoly, na na\u0161em leti\u0161ti to bude podobn\u00e9. (jen Hole\u0161ovsk\u00e9 klest\u00ed v\u011bt\u0161inou nedolet\u00ed a\u017e k n\u00e1m, tak\u0161e si mus\u00edme vysta\u010dit s m\u00edstn\u00ed vegetac\u00ed&#8230; )<\/p>\n<p>Dal\u0161\u00ed, potenci\u00e1ln\u011b u\u017eite\u010dn\u00fd zdroj informac\u00ed je &#8222;t\u0159eba&#8220; <a title=\"Medard-online\" href=\"http:\/\/www.medard-online.cz\/\" target=\"_blank\" rel=\"noopener\">medard<\/a>. Jedn\u00e1 se o matematickou p\u0159edpov\u011bdn\u00ed mapu. V\u00fdhodou je kr\u00e1sn\u00e9, n\u00e1zorn\u00e9 a laicky straviteln\u00e9 zobrazen\u00ed. Nev\u00fdhodou drobn\u00e9 nep\u0159esnosti a informace o de\u0161ti je nutno br\u00e1t s rezervou. Plat\u00ed pro n\u011bj tot\u00e9\u017e co pro ostatn\u00ed p\u0159edpov\u011bdi. \u010c\u00edm v\u00edc dop\u0159edu je p\u0159edpov\u011b\u010f, t\u00edm je v\u011bt\u0161\u00ed \u0161ance, \u017ee si po\u010das\u00ed usmysl\u00ed n\u011bco jin\u00e9ho.<\/p>\n<p>S oblibou posledn\u00ed dobou pou\u017e\u00edv\u00e1m <strong>Windguru<\/strong>, proto\u017ee zvl\u00e1d\u00e1 v\u00fdhled na del\u0161\u00ed dobu, ale taky je ten v\u00fdhled sp\u00ed\u0161 orienta\u010dn\u00ed&#8230; tak\u017ee u divo\u010dej\u0161\u00edch obdob\u00ed se p\u0159edpov\u011bdi dost m\u011bn\u00ed&#8230; no bylo by to krsn\u00e9 v\u011bd\u011bt, jak bude za t\u00fdden. \ud83d\ude42 <a href=\"https:\/\/www.windguru.cz\/540317\" target=\"_blank\" rel=\"noopener\">ML\u017d<\/a>, <a href=\"https:\/\/www.windguru.cz\/540316\" target=\"_blank\" rel=\"noopener\">Ol\u0161ina<\/a>, <a href=\"https:\/\/www.windguru.cz\/707851\" target=\"_blank\" rel=\"noopener\">Chom\u00fd\u017e<\/a>, <a href=\"https:\/\/www.windguru.cz\/43587\" target=\"_blank\" rel=\"noopener\">Donovaly<\/a>, <a href=\"https:\/\/www.windguru.cz\/707853\" target=\"_blank\" rel=\"noopener\">Ratibo\u0159<\/a>&#8230;.<\/p>\n<p>Pro pot\u0159eby informac\u00ed ohledn\u011b svahu u Ol\u0161iny, pou\u017e\u00edv\u00e1m krom\u011b Windguru meteogramy na CHMI &#8211; Krom\u011b\u0159\u00ed\u017e a Morkovice-Sl\u00ed\u017eany. N\u011bco mezi t\u00edm tam b\u00fdv\u00e1. (ehm.. zat\u00edm 1x sem v\u00fdslovn\u011b nepol\u00e9tal \ud83d\ude42 )<\/p>\n<p>Pokud m\u00e1te\/zn\u00e1te dal\u0161\u00ed, lep\u0161\u00ed nebo alespo\u0148 bli\u017e\u0161\u00ed meteostanici, pi\u0161te pod \u010dl\u00e1nek, zapracuju. \ud83d\ude42<\/p>\n","protected":false},"excerpt":{"rendered":"<p>Proto\u017ee (zat\u00edm) nejsme mezin\u00e1rodn\u00ed leti\u0161t\u011b s nep\u0159etr\u017eit\u00fdm provozem, nem\u00e1me vlastn\u00ed p\u0159ehledov\u00fd radar, bli\u017enou a bohu\u017eel ani meteostanici. Finan\u010dn\u00ed mo\u017enosti n\u00e1m zat\u00edm umo\u017enily instalaci a \u00fadr\u017ebu (bo ob\u010das ho negdo tref\u00ed) anemometru, zat\u00edm v\u0161ak jen analogov\u00e9ho a bez d\u00e1lkov\u00e9ho p\u0159enosu informace&#8230;. &hellip; <a href=\"https:\/\/mlz.frystacko.cz\/?page_id=596\">Continue reading <span class=\"meta-nav\">&rarr;<\/span><\/a><\/p>\n","protected":false},"author":1,"featured_media":0,"parent":0,"menu_order":0,"comment_status":"open","ping_status":"closed","template":"","meta":{"footnotes":""},"class_list":["post-596","page","type-page","status-publish","hentry"],"_links":{"self":[{"href":"https:\/\/mlz.frystacko.cz\/index.php?rest_route=\/wp\/v2\/pages\/596","targetHints":{"allow":["GET"]}}],"collection":[{"href":"https:\/\/mlz.frystacko.cz\/index.php?rest_route=\/wp\/v2\/pages"}],"about":[{"href":"https:\/\/mlz.frystacko.cz\/index.php?rest_route=\/wp\/v2\/types\/page"}],"author":[{"embeddable":true,"href":"https:\/\/mlz.frystacko.cz\/index.php?rest_route=\/wp\/v2\/users\/1"}],"replies":[{"embeddable":true,"href":"https:\/\/mlz.frystacko.cz\/index.php?rest_route=%2Fwp%2Fv2%2Fcomments&post=596"}],"version-history":[{"count":19,"href":"https:\/\/mlz.frystacko.cz\/index.php?rest_route=\/wp\/v2\/pages\/596\/revisions"}],"predecessor-version":[{"id":23909,"href":"https:\/\/mlz.frystacko.cz\/index.php?rest_route=\/wp\/v2\/pages\/596\/revisions\/23909"}],"wp:attachment":[{"href":"https:\/\/mlz.frystacko.cz\/index.php?rest_route=%2Fwp%2Fv2%2Fmedia&parent=596"}],"curies":[{"name":"wp","href":"https:\/\/api.w.org\/{rel}","templated":true}]}}