{"id":97,"date":"2012-05-01T16:47:21","date_gmt":"2012-05-01T16:47:21","guid":{"rendered":"http:\/\/mlh.frystacko.cz\/?page_id=97"},"modified":"2015-05-02T21:48:36","modified_gmt":"2015-05-02T19:48:36","slug":"kontakty","status":"publish","type":"page","link":"https:\/\/mlz.frystacko.cz\/?page_id=97","title":{"rendered":"Kontakty"},"content":{"rendered":"<p><a href=\"https:\/\/mlz.frystacko.cz\/?attachment_id=257\" rel=\"attachment wp-att-257\"><img loading=\"lazy\" decoding=\"async\" class=\"size-thumbnail wp-image-257\" title=\"Mapka\" src=\"http:\/\/mlh.frystacko.cz\/wp-uploads\/2012\/05\/tudy-100x59.jpg\" alt=\"\" width=\"100\" height=\"59\" srcset=\"https:\/\/mlz.frystacko.cz\/wp-uploads\/2012\/05\/tudy-100x59.jpg 100w, https:\/\/mlz.frystacko.cz\/wp-uploads\/2012\/05\/tudy-300x178.jpg 300w, https:\/\/mlz.frystacko.cz\/wp-uploads\/2012\/05\/tudy-1024x609.jpg 1024w, https:\/\/mlz.frystacko.cz\/wp-uploads\/2012\/05\/tudy-768x456.jpg 768w, https:\/\/mlz.frystacko.cz\/wp-uploads\/2012\/05\/tudy-940x559.jpg 940w, https:\/\/mlz.frystacko.cz\/wp-uploads\/2012\/05\/tudy.jpg 1600w\" sizes=\"auto, (max-width: 100px) 100vw, 100px\" \/><\/a><\/p>\n<p>Pokud by V\u00e1m popis nesta\u010dil a obr\u00e1zek nel\u00edbil, leti\u0161t\u011b se nach\u00e1z\u00ed <a title=\"Mapa\" href=\"http:\/\/mapy.cz\/zakladni?x=17.6513781&amp;y=49.3001599&amp;z=17&amp;l=0&amp;base=ophoto\" target=\"_blank\">zde<\/a>.<\/p>\n<p>Mezi Fry\u0161t\u00e1kem a Hole\u0161ovem vedou 2 cesty. Leti\u0161t\u011b je na dru\u017estevn\u00ed spojce mezi nimi. Mezi Hadovnou a \u017dab\u00e1rnou.<\/p>\n<p>Pokud jedete autobusem, nejbl\u00ed\u017e to m\u00e1te ze zast\u00e1vky Hadovna (mezi Lukove\u010dkem a P\u0159\u00edlepama) &#8230;. :o)<\/p>\n<p>&nbsp;<\/p>\n<p>V p\u0159\u00edpad\u011b dotaz\u016f na provoz leti\u0161t\u011b volejte Gregor Radek 725 742 217<\/p>\n","protected":false},"excerpt":{"rendered":"<p>Pokud by V\u00e1m popis nesta\u010dil a obr\u00e1zek nel\u00edbil, leti\u0161t\u011b se nach\u00e1z\u00ed zde. Mezi Fry\u0161t\u00e1kem a Hole\u0161ovem vedou 2 cesty. Leti\u0161t\u011b je na dru\u017estevn\u00ed spojce mezi nimi. Mezi Hadovnou a \u017dab\u00e1rnou. Pokud jedete autobusem, nejbl\u00ed\u017e to m\u00e1te ze zast\u00e1vky Hadovna (mezi &hellip; <a href=\"https:\/\/mlz.frystacko.cz\/?page_id=97\">Continue reading <span class=\"meta-nav\">&rarr;<\/span><\/a><\/p>\n","protected":false},"author":1,"featured_media":0,"parent":0,"menu_order":0,"comment_status":"open","ping_status":"closed","template":"","meta":{"footnotes":""},"class_list":["post-97","page","type-page","status-publish","hentry"],"_links":{"self":[{"href":"https:\/\/mlz.frystacko.cz\/index.php?rest_route=\/wp\/v2\/pages\/97","targetHints":{"allow":["GET"]}}],"collection":[{"href":"https:\/\/mlz.frystacko.cz\/index.php?rest_route=\/wp\/v2\/pages"}],"about":[{"href":"https:\/\/mlz.frystacko.cz\/index.php?rest_route=\/wp\/v2\/types\/page"}],"author":[{"embeddable":true,"href":"https:\/\/mlz.frystacko.cz\/index.php?rest_route=\/wp\/v2\/users\/1"}],"replies":[{"embeddable":true,"href":"https:\/\/mlz.frystacko.cz\/index.php?rest_route=%2Fwp%2Fv2%2Fcomments&post=97"}],"version-history":[{"count":14,"href":"https:\/\/mlz.frystacko.cz\/index.php?rest_route=\/wp\/v2\/pages\/97\/revisions"}],"predecessor-version":[{"id":8572,"href":"https:\/\/mlz.frystacko.cz\/index.php?rest_route=\/wp\/v2\/pages\/97\/revisions\/8572"}],"wp:attachment":[{"href":"https:\/\/mlz.frystacko.cz\/index.php?rest_route=%2Fwp%2Fv2%2Fmedia&parent=97"}],"curies":[{"name":"wp","href":"https:\/\/api.w.org\/{rel}","templated":true}]}}